{"id":2023,"date":"2021-05-18T07:54:05","date_gmt":"2021-05-18T05:54:05","guid":{"rendered":"https:\/\/www.adler-post.de\/?page_id=2023"},"modified":"2021-05-18T07:55:52","modified_gmt":"2021-05-18T05:55:52","slug":"social-media-data-protection","status":"publish","type":"page","link":"https:\/\/www.adler-post.de\/en\/social-media-data-protection\/","title":{"rendered":"Social media data protection"},"content":{"rendered":"<p>[et_pb_section fb_built=\u201c1\u201d fullwidth=\u201con\u201d _builder_version=\u201c4.5.1\u201d _module_preset=\u201cdefault\u201d][et_pb_fullwidth_header _builder_version=\u201c4.9.4\u201d _module_preset=\u201cdefault\u201d background_image=\u201chttps:\/\/www.adler-post.de\/wp-content\/uploads\/2020\/07\/AdlerPost_aussen_abend_neu.jpg\u201d height=\u201c400px\u201d][\/et_pb_fullwidth_header][\/et_pb_section][et_pb_section fb_built=\u201c1\u201d _builder_version=\u201c4.5.1\u201d _module_preset=\u201cdefault\u201d][et_pb_row column_structure=\u201c1_2,1_2\u201d _builder_version=\u201c4.5.1\u201d _module_preset=\u201cdefault\u201d background_enable_color=\u201coff\u201d width=\u201c100%\u201d custom_margin=\u201d||20px||false|false\u201d custom_padding=\u201c8px||||false|false\u201d][et_pb_column type=\u201c1_2\u201d _builder_version=\u201c4.5.1\u201d _module_preset=\u201cdefault\u201d][et_pb_text _builder_version=\u201c4.9.4\u201d _module_preset=\u201cdefault\u201d background_enable_color=\u201coff\u201d z_index=\u201c15\u201d hover_enabled=\u201c0\u201d sticky_enabled=\u201c0\u201d]<\/p>\n<h1><span class=\"VIiyi\" jsaction=\"mouseup:BR6jm\" jsname=\"jqKxS\" lang=\"en\"><span jsaction=\"agoMJf:PFBcW;usxOmf:aWLT7;jhKsnd:P7O7bd,F8DmGf;Q4AGo:Gm7gYd,qAKMYb;uFUCPb:pvnm0e,pfE8Hb,PFBcW;f56efd:dJXsye;EnoYf:KNzws,ZJsZZ,JgVSJc;zdMJQc:cCQNKb,ZJsZZ,zchEXc;Ytrrj:JJDvdc;tNR8yc:GeFvjb;oFN6Ye:hij5Wb\" jsname=\"txFAF\" class=\"JLqJ4b ChMk0b\" data-language-for-alternatives=\"en\" data-language-to-translate-into=\"de\" data-phrase-index=\"0\" jscontroller=\"Zl5N8\" jsdata=\"uqLsIf;_;$433\" jsmodel=\"SsMkhd\"><span jsaction=\"click:qtZ4nf,GFf3ac,tMZCfe; contextmenu:Nqw7Te,QP7LD; mouseout:Nqw7Te; mouseover:qtZ4nf,c2aHje\" jsname=\"W297wb\">Social media data protection<\/span><\/span><\/span><\/h1>\n<p>[\/et_pb_text][\/et_pb_column][et_pb_column type=\u201c1_2\u201d _builder_version=\u201c4.5.1\u201d _module_preset=\u201cdefault\u201d][et_pb_divider divider_position=\u201cbottom\u201d divider_weight=\u201c2px\u201d _builder_version=\u201c4.5.1\u201d _module_preset=\u201cdefault\u201d][\/et_pb_divider][\/et_pb_column][\/et_pb_row][et_pb_row _builder_version=\u201c4.5.1\u201d _module_preset=\u201cdefault\u201d width=\u201c100%\u201d][et_pb_column type=\u201c4_4\u201d _builder_version=\u201c4.5.1\u201d _module_preset=\u201cdefault\u201d][et_pb_text _builder_version=\u201c4.9.4\u201d _module_preset=\u201cdefault\u201d hover_enabled=\u201c0\u201d sticky_enabled=\u201c0\u201d]<\/p>\n<h2>Our social media appearances<\/h2>\n<h3>Data pro\u00adcess\u00ading through social networks<\/h3>\n<p>We main\u00adtain pub\u00adlicly avail\u00adable pro\u00adfiles in social net\u00adworks. The indi\u00advid\u00adual social net\u00adworks we use can be found&nbsp;below.<\/p>\n<p>Social net\u00adworks such as Face\u00adbook, Twit\u00adter etc. can gen\u00ader\u00adal\u00adly ana\u00adlyze your user behav\u00adior com\u00adpre\u00adhen\u00adsive\u00adly if you vis\u00adit their web\u00adsite or a&nbsp;web\u00adsite with inte\u00adgrat\u00aded social media con\u00adtent (e.g. like but\u00adtons or ban\u00adner ads). When you vis\u00adit our social media pages, numer\u00adous data pro\u00adtec\u00adtion-rel\u00ade\u00advant pro\u00adcess\u00ading oper\u00ada\u00adtions are trig\u00adgered. In detail:<\/p>\n<p>If you are logged in to your social media account and vis\u00adit our social media page, the oper\u00ada\u00adtor of the social media por\u00adtal can assign this vis\u00adit to your user account. Under cer\u00adtain cir\u00adcum\u00adstances, your per\u00adson\u00adal data may also be record\u00aded if you are not logged in or do not have an account with the respec\u00adtive social media por\u00adtal. In this case, this data is col\u00adlect\u00aded, for exam\u00adple, via cook\u00adies stored on your device or by record\u00ading your IP address.<\/p>\n<p>Using the data col\u00adlect\u00aded in this way, the oper\u00ada\u00adtors of the social media por\u00adtals can cre\u00adate user pro\u00adfiles in which their pref\u00ader\u00adences and inter\u00adests are stored. This way you can see inter\u00adest-based adver\u00adtis\u00ading inside and out\u00adside of your social media pres\u00adence. If you have an account with the social net\u00adwork, inter\u00adest-based adver\u00adtis\u00ading can be dis\u00adplayed on any device you are logged in to or have logged in&nbsp;to.<\/p>\n<p>Please also note that we can\u00adnot retrace all pro\u00adcess\u00ading oper\u00ada\u00adtions on the social media por\u00adtals. Depend\u00ading on the provider, addi\u00adtion\u00adal pro\u00adcess\u00ading oper\u00ada\u00adtions may there\u00adfore be car\u00adried out by the oper\u00ada\u00adtors of the social media por\u00adtals. Details can be found in the terms of use and pri\u00adva\u00adcy pol\u00adi\u00adcy of the respec\u00adtive social media portals.<\/p>\n<h3>Legal basis<\/h3>\n<p>Our social media appear\u00adances should ensure the widest pos\u00adsi\u00adble pres\u00adence on the Inter\u00adnet. This is a&nbsp;legit\u00adi\u00admate inter\u00adest with\u00adin the mean\u00ading of Art. 6 (1) lit. f&nbsp;GDPR. The analy\u00adsis process\u00ades ini\u00adti\u00adat\u00aded by the social net\u00adworks may be based on diver\u00adgent legal bases to be spec\u00adi\u00adfied by the oper\u00ada\u00adtors of the social net\u00adworks (e.g. con\u00adsent with\u00adin the mean\u00ading of Art. 6 (1) (a)&nbsp;GDPR).<\/p>\n<h3>Respon\u00adsi\u00adbil\u00adi\u00adty and asser\u00adtion of rights<\/h3>\n<p>If you vis\u00adit one of our social media sites (e.g., Face\u00adbook), we, togeth\u00ader with the oper\u00ada\u00adtor of the social media plat\u00adform, are respon\u00adsi\u00adble for the data pro\u00adcess\u00ading oper\u00ada\u00adtions trig\u00adgered dur\u00ading this vis\u00adit. You can in prin\u00adci\u00adple pro\u00adtect your rights (infor\u00adma\u00adtion, cor\u00adrec\u00adtion, dele\u00adtion, lim\u00adi\u00adta\u00adtion of pro\u00adcess\u00ading, data porta\u00adbil\u00adi\u00adty and com\u00adplaint) vis-\u00e0-vis us as well as vis-\u00e0-vis the oper\u00ada\u00adtor of the respec\u00adtive social media por\u00adtal (e.g. Facebook).<\/p>\n<p>Please note that despite the shared respon\u00adsi\u00adbil\u00adi\u00adty with the social media por\u00adtal oper\u00ada\u00adtors, we do not have full influ\u00adence on the data pro\u00adcess\u00ading oper\u00ada\u00adtions of the social media por\u00adtals. Our options are deter\u00admined by the com\u00adpa\u00adny pol\u00adi\u00adcy of the respec\u00adtive provider.<\/p>\n<h3>Stor\u00adage&nbsp;time<\/h3>\n<p>The data col\u00adlect\u00aded direct\u00adly from us via the social media pres\u00adence will be delet\u00aded from our sys\u00adtems as soon as you ask us to delete it, you revoke your con\u00adsent to the stor\u00adage or the pur\u00adpose for the data stor\u00adage laps\u00ades. Stored cook\u00adies remain on your device until you delete them. Manda\u00adto\u00adry statu\u00adto\u00adry pro\u00advi\u00adsions \u2014 in par\u00adtic\u00adu\u00adlar, reten\u00adtion peri\u00adods \u2014 remain unaffected.<\/p>\n<p>We have no con\u00adtrol over the stor\u00adage dura\u00adtion of your data that are stored by the social net\u00adwork oper\u00ada\u00adtors for their own pur\u00adpos\u00ades. For details, please con\u00adtact the social net\u00adwork oper\u00ada\u00adtors direct\u00adly (e.g. in their pri\u00adva\u00adcy pol\u00adi\u00adcy, see&nbsp;below).<\/p>\n<h3>Indi\u00advid\u00adual social networks<\/h3>\n<h4>Face\u00adbook<\/h4>\n<p>We have a&nbsp;pro\u00adfile on Face\u00adbook. The provider of this ser\u00advice is Face\u00adbook Ire\u00adland Lim\u00adit\u00aded, 4&nbsp;Grand Canal Square, Grand Canal Har\u00adbour, Dublin 2, Ire\u00adland. Accord\u00ading to Facebook\u2019s state\u00adment the col\u00adlect\u00aded data will also be trans\u00adferred to the USA and to oth\u00ader third-par\u00adty countries.<\/p>\n<p>We have signed an agree\u00adment with Face\u00adbook on shared respon\u00adsi\u00adbil\u00adi\u00adty for the pro\u00adcess\u00ading of data (Con\u00adtroller Adden\u00addum). This agree\u00adment deter\u00admines which data pro\u00adcess\u00ading oper\u00ada\u00adtions we or Face\u00adbook are respon\u00adsi\u00adble for when you vis\u00adit our Face\u00adbook Fan\u00adpage. This agree\u00adment can be viewed at the fol\u00adlow\u00ading link: <a href=\"https:\/\/www.facebook.com\/legal\/terms\/page_controller_addendum\" target=\"_blank\" rel=\"noopener noreferrer\">https:\/\/www.facebook.com\/legal\/terms\/page_controller_addendum<\/a>.<\/p>\n<p><strong>You can cus\u00adtomize your adver\u00adtis\u00ading set\u00adtings inde\u00adpen\u00addent\u00adly in your user account. Click on the fol\u00adlow\u00ading link and log in:<\/strong> <a href=\"https:\/\/www.facebook.com\/settings?tab=ads\" target=\"_blank\" rel=\"noopener noreferrer\">https:\/\/www.facebook.com\/settings?tab=ads<\/a>.<\/p>\n<p>Data trans\u00admis\u00adsion to the US is based on the Stan\u00addard Con\u00adtrac\u00adtu\u00adal Claus\u00ades (SCC) of the Euro\u00adpean Com\u00admis\u00adsion. Details can be found here: <a href=\"https:\/\/www.facebook.com\/legal\/EU_data_transfer_addendum\" target=\"_blank\" rel=\"noopener noreferrer\">https:\/\/www.facebook.com\/legal\/EU_data_transfer_addendum<\/a> and <a href=\"https:\/\/de-de.facebook.com\/help\/566994660333381\" target=\"_blank\" rel=\"noopener noreferrer\">https:\/\/de-de.facebook.com\/help\/566994660333381<\/a>.<\/p>\n<p>Details can be found in the Face\u00adbook pri\u00adva\u00adcy pol\u00adi\u00adcy: <a href=\"https:\/\/www.facebook.com\/about\/privacy\/\" target=\"_blank\" rel=\"noopener noreferrer\">https:\/\/www.facebook.com\/about\/privacy\/<\/a>.<\/p>\n<h4>Insta\u00adgram<\/h4>\n<p>We have a&nbsp;pro\u00adfile on Insta\u00adgram. The provider is Insta\u00adgram Inc., 1601 Wil\u00adlow Road, Men\u00adlo Park, CA, 94025, USA.<\/p>\n<p>Data trans\u00admis\u00adsion to the US is based on the Stan\u00addard Con\u00adtrac\u00adtu\u00adal Claus\u00ades (SCC) of the Euro\u00adpean Com\u00admis\u00adsion. Details can be found here: <a href=\"https:\/\/www.facebook.com\/legal\/EU_data_transfer_addendum\" target=\"_blank\" rel=\"noopener noreferrer\">https:\/\/www.facebook.com\/legal\/EU_data_transfer_addendum<\/a>, <a href=\"https:\/\/help.instagram.com\/519522125107875\" target=\"_blank\" rel=\"noopener noreferrer\">https:\/\/help.instagram.com\/519522125107875<\/a> and <a href=\"https:\/\/de-de.facebook.com\/help\/566994660333381\" target=\"_blank\" rel=\"noopener noreferrer\">https:\/\/de-de.facebook.com\/help\/566994660333381<\/a>.<\/p>\n<p>For details on how they han\u00addle your per\u00adson\u00adal infor\u00adma\u00adtion, see the Insta\u00adgram Pri\u00adva\u00adcy Pol\u00adi\u00adcy: <a href=\"https:\/\/help.instagram.com\/519522125107875\" target=\"_blank\" rel=\"noopener noreferrer\">https:\/\/help.instagram.com\/519522125107875<\/a>.<\/p>\n<p>[\/et_pb_text][\/et_pb_column][\/et_pb_row][\/et_pb_section]<\/p>\n","protected":false},"excerpt":{"rendered":"<p>Social media data pro\u00adtec\u00adtio\u00adnOur social media appear\u00adances Data pro\u00adcess\u00ading through social net\u00adworks We main\u00adtain pub\u00adlicly avail\u00adable pro\u00adfiles in social net\u00adworks. The indi\u00advid\u00adual social net\u00adworks we use can be found below. Social net\u00adworks such as Face\u00adbook, Twit\u00adter etc. can gen\u00ader\u00adal\u00adly ana\u00adlyze your user behav\u00adior com\u00adpre\u00adhen\u00adsive\u00adly if you vis\u00adit their web\u00adsite or a&nbsp;web\u00adsite with inte\u00adgrat\u00aded social&nbsp;[\u2026]<\/p>\n","protected":false},"author":1,"featured_media":0,"parent":0,"menu_order":0,"comment_status":"closed","ping_status":"closed","template":"","meta":{"_et_pb_use_builder":"on","_et_pb_old_content":"<p>[et_pb_section fb_built=\"1\" fullwidth=\"on\" _builder_version=\"4.5.1\" _module_preset=\"default\"][et_pb_fullwidth_header _builder_version=\"4.9.4\" _module_preset=\"default\" background_image=\"https:\/\/www.adler-post.de\/wp-content\/uploads\/2020\/07\/AdlerPost_aussen_abend_neu.jpg\" height=\"400px\" hover_enabled=\"0\" alt=\"Hotel Au\u00dfenansicht bei Nacht\" title_text=\"Hotel Adler Post bei Nacht\" sticky_enabled=\"0\"][\/et_pb_fullwidth_header][\/et_pb_section][et_pb_section fb_built=\"1\" _builder_version=\"4.5.1\" _module_preset=\"default\"][et_pb_row column_structure=\"1_2,1_2\" _builder_version=\"4.5.1\" _module_preset=\"default\" background_enable_color=\"off\" width=\"100%\" custom_margin=\"||20px||false|false\" custom_padding=\"8px||||false|false\"][et_pb_column type=\"1_2\" _builder_version=\"4.5.1\" _module_preset=\"default\"][et_pb_text _builder_version=\"4.9.4\" _module_preset=\"default\" background_enable_color=\"off\" z_index=\"15\"]<\/p><h1>Socialmedia Datenschutz<\/h1><p>[\/et_pb_text][\/et_pb_column][et_pb_column type=\"1_2\" _builder_version=\"4.5.1\" _module_preset=\"default\"][et_pb_divider divider_position=\"bottom\" divider_weight=\"2px\" _builder_version=\"4.5.1\" _module_preset=\"default\"][\/et_pb_divider][\/et_pb_column][\/et_pb_row][et_pb_row _builder_version=\"4.5.1\" _module_preset=\"default\" width=\"100%\"][et_pb_column type=\"4_4\" _builder_version=\"4.5.1\" _module_preset=\"default\"][et_pb_text _builder_version=\"4.9.4\" _module_preset=\"default\"]<\/p><h2>Unsere Social\u2013Media\u2013Auftritte<\/h2><h3>Datenverarbeitung durch soziale Netzwerke<\/h3><p>Wir unterhalten \u00f6ffentlich zug\u00e4ngliche Profile in sozialen Netzwerken. Die im Einzelnen von uns genutzten sozialen Netzwerke finden Sie weiter unten.<\/p><p>Soziale Netzwerke wie Facebook, Twitter etc. k\u00f6nnen Ihr Nutzerverhalten in der Regel umfassend analysieren, wenn Sie deren Website oder eine Website mit integrierten Social-Media-Inhalten (z. B. Like-Buttons oder Werbebannern) besuchen. Durch den Besuch unserer Social-Media-Pr\u00e4senzen werden zahlreiche datenschutzrelevante Verarbeitungsvorg\u00e4nge ausgel\u00f6st. Im Einzelnen:<\/p><p>Wenn Sie in Ihrem Social-Media-Account eingeloggt sind und unsere Social-Media-Pr\u00e4senz besuchen, kann der Betreiber des Social-Media-Portals diesen Besuch Ihrem Benutzerkonto zuordnen. Ihre personenbezogenen Daten k\u00f6nnen unter Umst\u00e4nden aber auch dann erfasst werden, wenn Sie nicht eingeloggt sind oder keinen Account beim jeweiligen Social-Media-Portal besitzen. Diese Datenerfassung erfolgt in diesem Fall beispielsweise \u00fcber Cookies, die auf Ihrem Endger\u00e4t gespeichert werden oder durch Erfassung Ihrer IP-Adresse.<\/p><p>Mit Hilfe der so erfassten Daten k\u00f6nnen die Betreiber der Social-Media-Portale Nutzerprofile erstellen, in denen Ihre Pr\u00e4ferenzen und Interessen hinterlegt sind. Auf diese Weise kann Ihnen interessenbezogene Werbung in- und au\u00dferhalb der jeweiligen Social-Media-Pr\u00e4senz angezeigt werden. Sofern Sie \u00fcber einen Account beim jeweiligen sozialen Netzwerk verf\u00fcgen, kann die interessenbezogene Werbung auf allen Ger\u00e4ten angezeigt werden, auf denen Sie eingeloggt sind oder eingeloggt waren.<\/p><p>Bitte beachten Sie au\u00dferdem, dass wir nicht alle Verarbeitungsprozesse auf den Social-Media-Portalen nachvollziehen k\u00f6nnen. Je nach Anbieter k\u00f6nnen daher ggf. weitere Verarbeitungsvorg\u00e4nge von den Betreibern der Social-Media-Portale durchgef\u00fchrt werden. Details hierzu entnehmen Sie den Nutzungsbedingungen und Datenschutzbestimmungen der jeweiligen Social-Media-Portale.<\/p><h3>Rechtsgrundlage<\/h3><p>Unsere Social-Media-Auftritte sollen eine m\u00f6glichst umfassende Pr\u00e4senz im Internet gew\u00e4hrleisten. Hierbei handelt es sich um ein berechtigtes Interesse im Sinne von Art. 6 Abs. 1 lit. f DSGVO. Die von den sozialen Netzwerken initiierten Analyseprozesse beruhen ggf. auf abweichenden Rechtsgrundlagen, die von den Betreibern der sozialen Netzwerke anzugeben sind (z. B. Einwilligung im Sinne des Art. 6 Abs. 1 lit. a DSGVO).<\/p><h3>Verantwortlicher und Geltendmachung von Rechten<\/h3><p>Wenn Sie einen unserer Social-Media-Auftritte (z. B. Facebook) besuchen, sind wir gemeinsam mit dem Betreiber der Social-Media-Plattform f\u00fcr die bei diesem Besuch ausgel\u00f6sten Datenverarbeitungsvorg\u00e4nge verantwortlich. Sie k\u00f6nnen Ihre Rechte (Auskunft, Berichtigung, L\u00f6schung, Einschr\u00e4nkung der Verarbeitung, Daten\u00fcbertragbarkeit und Beschwerde) grunds\u00e4tzlich sowohl gg\u00fc. uns als auch gg\u00fc. dem Betreiber des jeweiligen Social-Media-Portals (z. B. gg\u00fc. Facebook) geltend machen.<\/p><p>Bitte beachten Sie, dass wir trotz der gemeinsamen Verantwortlichkeit mit den Social-Media-Portal-Betreibern nicht vollumf\u00e4nglich Einfluss auf die Datenverarbeitungsvorg\u00e4nge der Social-Media-Portale haben. Unsere M\u00f6glichkeiten richten sich ma\u00dfgeblich nach der Unternehmenspolitik des jeweiligen Anbieters.<\/p><h3>Speicherdauer<\/h3><p>Die unmittelbar von uns \u00fcber die Social-Media-Pr\u00e4senz erfassten Daten werden von unseren Systemen gel\u00f6scht, sobald Sie uns zur L\u00f6schung auffordern, Ihre Einwilligung zur Speicherung widerrufen oder der Zweck f\u00fcr die Datenspeicherung entf\u00e4llt. Gespeicherte Cookies verbleiben auf Ihrem Endger\u00e4t, bis Sie sie l\u00f6schen. Zwingende gesetzliche Bestimmungen \u2013 insb. Aufbewahrungsfristen \u2013 bleiben unber\u00fchrt.<\/p><p>Auf die Speicherdauer Ihrer Daten, die von den Betreibern der sozialen Netzwerke zu eigenen Zwecken gespeichert werden, haben wir keinen Einfluss. F\u00fcr Einzelheiten dazu informieren Sie sich bitte direkt bei den Betreibern der sozialen Netzwerke (z. B. in deren Datenschutzerkl\u00e4rung, siehe unten).<\/p><h3>Soziale Netzwerke im Einzelnen<\/h3><h4>Facebook<\/h4><p>Wir verf\u00fcgen \u00fcber ein Profil bei Facebook. Anbieter dieses Dienstes ist die Facebook Ireland Limited, 4 Grand Canal Square, Grand Canal Harbour, Dublin 2, Irland. Die erfassten Daten werden nach Aussage von Facebook auch in die USA und in andere Drittl\u00e4nder \u00fcbertragen.<\/p><p>Wir haben mit Facebook eine Vereinbarung \u00fcber gemeinsame Verarbeitung (Controller Addendum) geschlossen. In dieser Vereinbarung wird festgelegt, f\u00fcr welche Datenverarbeitungsvorg\u00e4nge wir bzw. Facebook verantwortlich ist, wenn Sie unsere Facebook-Page besuchen. Diese Vereinbarung k\u00f6nnen Sie unter folgendem Link einsehen: <a href=\"https:\/\/www.facebook.com\/legal\/terms\/page_controller_addendum\" target=\"_blank\" rel=\"noopener noreferrer\">https:\/\/www.facebook.com\/legal\/terms\/page_controller_addendum<\/a>.<\/p><p><strong>Sie k\u00f6nnen Ihre Werbeeinstellungen selbstst\u00e4ndig in Ihrem Nutzer-Account anpassen. Klicken Sie hierzu auf folgenden Link und loggen Sie sich ein:<\/strong> <a href=\"https:\/\/www.facebook.com\/settings?tab=ads\" target=\"_blank\" rel=\"noopener noreferrer\">https:\/\/www.facebook.com\/settings?tab=ads<\/a>.<\/p><p>Die Daten\u00fcbertragung in die USA wird auf die Standardvertragsklauseln der EU-Kommission gest\u00fctzt. Details finden Sie hier: <a href=\"https:\/\/www.facebook.com\/legal\/EU_data_transfer_addendum\" target=\"_blank\" rel=\"noopener noreferrer\">https:\/\/www.facebook.com\/legal\/EU_data_transfer_addendum<\/a> und <a href=\"https:\/\/de-de.facebook.com\/help\/566994660333381\" target=\"_blank\" rel=\"noopener noreferrer\">https:\/\/de-de.facebook.com\/help\/566994660333381<\/a>.<\/p><p>Details entnehmen Sie der Datenschutzerkl\u00e4rung von Facebook: <a href=\"https:\/\/www.facebook.com\/about\/privacy\/\" target=\"_blank\" rel=\"noopener noreferrer\">https:\/\/www.facebook.com\/about\/privacy\/<\/a>.<\/p><h4>Instagram<\/h4><p>Wir verf\u00fcgen \u00fcber ein Profil bei Instagram. Anbieter ist die Instagram Inc., 1601 Willow Road, Menlo Park, CA, 94025, USA.<\/p><p>Die Daten\u00fcbertragung in die USA wird auf die Standardvertragsklauseln der EU-Kommission gest\u00fctzt. Details finden Sie hier: <a href=\"https:\/\/www.facebook.com\/legal\/EU_data_transfer_addendum\" target=\"_blank\" rel=\"noopener noreferrer\">https:\/\/www.facebook.com\/legal\/EU_data_transfer_addendum<\/a>, <a href=\"https:\/\/help.instagram.com\/519522125107875\" target=\"_blank\" rel=\"noopener noreferrer\">https:\/\/help.instagram.com\/519522125107875<\/a> und <a href=\"https:\/\/de-de.facebook.com\/help\/566994660333381\" target=\"_blank\" rel=\"noopener noreferrer\">https:\/\/de-de.facebook.com\/help\/566994660333381<\/a>.<\/p><p>Details zu deren Umgang mit Ihren personenbezogenen Daten entnehmen Sie der Datenschutzerkl\u00e4rung von Instagram: <a href=\"https:\/\/help.instagram.com\/519522125107875\" target=\"_blank\" rel=\"noopener noreferrer\">https:\/\/help.instagram.com\/519522125107875<\/a>.<\/p><p>[\/et_pb_text][\/et_pb_column][\/et_pb_row][\/et_pb_section]<\/p>","_et_gb_content_width":"","wp_typography_post_enhancements_disabled":false,"footnotes":""},"class_list":["post-2023","page","type-page","status-publish","hentry"],"_links":{"self":[{"href":"https:\/\/www.adler-post.de\/en\/wp-json\/wp\/v2\/pages\/2023","targetHints":{"allow":["GET"]}}],"collection":[{"href":"https:\/\/www.adler-post.de\/en\/wp-json\/wp\/v2\/pages"}],"about":[{"href":"https:\/\/www.adler-post.de\/en\/wp-json\/wp\/v2\/types\/page"}],"author":[{"embeddable":true,"href":"https:\/\/www.adler-post.de\/en\/wp-json\/wp\/v2\/users\/1"}],"replies":[{"embeddable":true,"href":"https:\/\/www.adler-post.de\/en\/wp-json\/wp\/v2\/comments?post=2023"}],"version-history":[{"count":4,"href":"https:\/\/www.adler-post.de\/en\/wp-json\/wp\/v2\/pages\/2023\/revisions"}],"predecessor-version":[{"id":2028,"href":"https:\/\/www.adler-post.de\/en\/wp-json\/wp\/v2\/pages\/2023\/revisions\/2028"}],"wp:attachment":[{"href":"https:\/\/www.adler-post.de\/en\/wp-json\/wp\/v2\/media?parent=2023"}],"curies":[{"name":"wp","href":"https:\/\/api.w.org\/{rel}","templated":true}]}}